{"id":13,"date":"2023-03-27T19:49:18","date_gmt":"2023-03-27T17:49:18","guid":{"rendered":"https:\/\/dreamy-agnesi.154-56-135-158.plesk.page\/?page_id=13"},"modified":"2024-09-16T10:17:05","modified_gmt":"2024-09-16T08:17:05","slug":"aviso-legal","status":"publish","type":"page","link":"https:\/\/padel-stuff.com\/fr\/aviso-legal\/","title":{"rendered":"Aviso legal"},"content":{"rendered":"<h3 class=\"wp-block-heading\">1. INFORMACI\u00d3N GENERAL<\/h3>\n\n\n\n<p>Este texto contiene el aviso legal (en adelante el \u201cAviso Legal\u201d) que ha sido elaborado en cumplimiento de la Ley 34\/2002, de 11 de julio, de Servicios de la Sociedad de la Informaci\u00f3n y Comercio Electr\u00f3nico, con el objetivo de regular el acceso y uso de este sitio web https:\/\/padel-stuff.com\/ (en adelante la \u201cWeb\u201d).<\/p>\n\n\n\n<h3 class=\"wp-block-heading\">2. DETALLES DE IDENTIFICACI\u00d3N<\/h3>\n\n\n\n<p>Los datos identificativos y de contacto del titular y responsable del sitio web son los que se muestran a continuaci\u00f3n:<\/p>\n\n\n\n<p>Marca registrada: PADEL STUFF<br>Correo electr\u00f3nico: info@padel-stuff.com<\/p>\n\n\n\n<h3 class=\"wp-block-heading\">3. ACCESO Y USO DEL SITIO WEB<\/h3>\n\n\n\n<p>El acceso y uso del Sitio Web est\u00e1 sujeto y, en consecuencia, se regir\u00e1 por lo dispuesto en el presente Aviso Legal, sin perjuicio de las condiciones particulares que sean de aplicaci\u00f3n a los servicios espec\u00edficos incluidos en el mismo.<\/p>\n\n\n\n<p>El mero acceso y uso de la Web atribuye la condici\u00f3n de usuario (en adelante, el \u201cUsuario\u201d en singular y los \u201cUsuarios\u201d en plural) de la Web y conlleva la aceptaci\u00f3n plena y sin reservas por parte del Usuario, de el contenido total del Aviso Legal en la versi\u00f3n publicada en la Web en el momento de este acceso.<\/p>\n\n\n\n<h3 class=\"wp-block-heading\">4. ACTUALIZACIONES<\/h3>\n\n\n\n<p>Nos reservamos el derecho a modificar y actualizar la informaci\u00f3n contenida en la Web, as\u00ed como en este Aviso Legal, en cualquier momento y sin previo aviso, siendo responsabilidad del Usuario revisarlos en el momento de cada acceso y \/ o uso. , ya que la utilizaci\u00f3n de los servicios supondr\u00e1 la aceptaci\u00f3n en la versi\u00f3n del Aviso Legal que se encuentre vigente en el momento del uso o contrataci\u00f3n.<\/p>\n\n\n\n<h3 class=\"wp-block-heading\">5. OBLIGACIONES DEL USUARIO<\/h3>\n\n\n\n<h4 class=\"wp-block-heading\">5.1.&nbsp;Exactitud de la informaci\u00f3n<\/h4>\n\n\n\n<p>El Usuario declara y se compromete a asegurar que toda la informaci\u00f3n proporcionada por \u00e9l en el curso del uso del Sitio Web es verdadera, completa, exacta y que est\u00e1 autorizado a divulgarla.<\/p>\n\n\n\n<h4 class=\"wp-block-heading\">5.2.&nbsp;Cumplimiento de la ley<\/h4>\n\n\n\n<p>El Usuario se compromete a utilizar el Sitio Web de conformidad con la legislaci\u00f3n vigente, con lo dispuesto en el Aviso Legal, as\u00ed como con la moral, la buena fe y el orden p\u00fablico.<\/p>\n\n\n\n<p>El Usuario se compromete a abstenerse de utilizar la Web con fines il\u00edcitos, contrarios a lo dispuesto en el Aviso Legal, o lesivos de los derechos e intereses del titular de la Web o de terceros.<\/p>\n\n\n\n<p>El Titular de la Web se reserva el derecho a suspender, interrumpir, denegar o retirar el acceso y \/ o uso de su Web, en cualquier momento y sin previo aviso, a cualquier Usuario que incumpla este Aviso Legal.<\/p>\n\n\n\n<h4 class=\"wp-block-heading\">5.3.&nbsp;Responsabilidad del usuario<\/h4>\n\n\n\n<p>El Usuario debe utilizar la Web y sus contenidos bajo su \u00fanica y exclusiva responsabilidad.<\/p>\n\n\n\n<p>El Usuario responder\u00e1 de los da\u00f1os y perjuicios de toda naturaleza que el Titular del Sitio Web pueda sufrir como consecuencia directa o indirecta del incumplimiento por parte del Usuario del Aviso Legal.<\/p>\n\n\n\n<h3 class=\"wp-block-heading\">6. DERECHOS DE PROPIEDAD<\/h3>\n\n\n\n<p>Todos los contenidos de la Web (incluidos, a t\u00edtulo enunciativo pero no limitativo, bases de datos, marcas, logotipos, nombres comerciales, im\u00e1genes, dibujos, gr\u00e1ficos, archivos de texto, audio, video y software) son propiedad del Titular de la Web o del Titular de la Web ha sido debidamente autorizado para su uso, y est\u00e1n protegidos por los correspondientes derechos de propiedad intelectual e industrial.<\/p>\n\n\n\n<h3 class=\"wp-block-heading\">7. CONTENIDO DE OTROS SITIOS WEB<\/h3>\n\n\n\n<p>El Sitio Web puede poner a disposici\u00f3n de los Usuarios enlaces a otros sitios web gestionados por terceros, a trav\u00e9s de dispositivos t\u00e9cnicos como, entre otros, enlaces de hipertexto, banners, botones, directorios y cualquier otra herramienta de b\u00fasqueda que permita al Usuario acceder a sitios web distintos al Sitio Web o sitios web de terceros (en adelante, \u00abEnlaces\u00bb).&nbsp;El uso de Enlaces no implica que exista dependencia del Titular de la Web, salvo que expresamente se establezca lo contrario, ni implica aceptaci\u00f3n, aval o recomendaci\u00f3n por parte del Titular de la Web de los contenidos o servicios ofrecidos por ellos, ni garant\u00eda alguna. al Usuario.&nbsp;Por tanto, el Usuario debe valorar bajo su responsabilidad la navegaci\u00f3n a otros sitios web a trav\u00e9s de estos enlaces, quedando el Titular de la Web exonerado de toda responsabilidad en relaci\u00f3n a informaci\u00f3n, datos, archivos, productos,<\/p>\n\n\n\n<p>Asimismo, todos aquellos enlaces entre cualquier sitio web y la Web no implican, por su mera existencia, relaci\u00f3n jur\u00eddica alguna entre la Web y la web que incorpora dichos enlaces, ni el conocimiento y aceptaci\u00f3n por parte del titular de la Web de su existencia y contenido. .<\/p>\n\n\n\n<h3 class=\"wp-block-heading\">8. LIMITACIONES DE RESPONSABILIDAD<\/h3>\n\n\n\n<p>En la medida en que lo permita la legislaci\u00f3n vigente, el Titular del Sitio Web se exime de toda responsabilidad derivada, a t\u00edtulo enunciativo pero no limitativo:<\/p>\n\n\n\n<ol class=\"wp-block-list\">\n<li>Cualquier error, supresi\u00f3n, retraso o anomal\u00eda que pudiera producirse en la transmisi\u00f3n y funcionamiento de la Web, derivado de fuerza mayor o fortuita (ya sean problemas de Internet, errores inform\u00e1ticos, aver\u00edas telef\u00f3nicas, piratas inform\u00e1ticos, etc.), o que fuera provocado por mala fe. del Usuario.<\/li>\n\n\n\n<li>El uso inadecuado que los Usuarios puedan hacer de la Web o de las webs enlazadas, y que resulte en una infracci\u00f3n de los derechos de propiedad intelectual y \/ o industrial, o en otras infracciones civiles o penales.<\/li>\n\n\n\n<li>De las reclamaciones de terceros que se deriven del uso indebido por parte del Usuario de la Web.<\/li>\n\n\n\n<li>De los actos u omisiones de terceros, con independencia de que pudieran mantener alguna relaci\u00f3n contractual con el Titular de la Web.<\/li>\n\n\n\n<li>El acceso y uso de la Web a contenidos inadecuados, as\u00ed como el env\u00edo de datos por parte de menores, sin el consentimiento de los padres o tutores, cuando as\u00ed lo requiera la ley, siendo responsabilidad de los padres o tutores ejercer un control adecuado para que los menores a su cargo Evitar el acceso y uso de contenido inadecuado.<\/li>\n\n\n\n<li>Errores u omisiones, o contenido desactualizado publicado en la Web.<\/li>\n\n\n\n<li>Datos inciertos, imprecisos, incorrectos o incompletos facilitados por el Usuario que impidan la transmisi\u00f3n de los productos o servicios contratados y \/ o contacto con el Usuario.<\/li>\n<\/ol>\n\n\n\n<h3 class=\"wp-block-heading\">9. NULIDAD E INEFECTIVIDAD<\/h3>\n\n\n\n<p>Si alguna cl\u00e1usula de este Aviso Legal fuera declarada total o parcialmente nula o ineficaz, dicha nulidad o ineficacia s\u00f3lo afectar\u00e1 a dicha disposici\u00f3n o parte de la misma que sea nula o ineficaz, y el resto de cl\u00e1usulas subsistir\u00e1n en todo lo dem\u00e1s, y tal prestaci\u00f3n o parte de la misma que se vea afectada por no ser incorporada, salvo que, como imprescindible para este Aviso Legal, se vean afectadas de manera integral.<\/p>\n\n\n\n<h3 class=\"wp-block-heading\">10. LEY APLICABLE<\/h3>\n\n\n\n<p>El presente Aviso Legal, as\u00ed como todas aquellas relaciones que pudieran surgir entre el Usuario y el Titular de la Web por el acceso y uso de la Web, se interpretar\u00e1n y regir\u00e1n de conformidad con la Ley espa\u00f1ola.<\/p>","protected":false},"excerpt":{"rendered":"<p>1. INFORMACI\u00d3N GENERAL Este texto contiene el aviso legal (en adelante el \u201cAviso Legal\u201d) que ha sido elaborado en cumplimiento de la Ley 34\/2002, de 11 de julio, de Servicios de la Sociedad de la Informaci\u00f3n y Comercio Electr\u00f3nico, con el objetivo de regular el acceso y uso de este sitio web https:\/\/padel-stuff.com\/ (en adelante [&hellip;]<\/p>\n","protected":false},"author":1,"featured_media":0,"parent":0,"menu_order":0,"comment_status":"closed","ping_status":"closed","template":"","meta":{"_acf_changed":false,"footnotes":""},"class_list":["post-13","page","type-page","status-publish","hentry"],"acf":[],"_links":{"self":[{"href":"https:\/\/padel-stuff.com\/fr\/wp-json\/wp\/v2\/pages\/13","targetHints":{"allow":["GET"]}}],"collection":[{"href":"https:\/\/padel-stuff.com\/fr\/wp-json\/wp\/v2\/pages"}],"about":[{"href":"https:\/\/padel-stuff.com\/fr\/wp-json\/wp\/v2\/types\/page"}],"author":[{"embeddable":true,"href":"https:\/\/padel-stuff.com\/fr\/wp-json\/wp\/v2\/users\/1"}],"replies":[{"embeddable":true,"href":"https:\/\/padel-stuff.com\/fr\/wp-json\/wp\/v2\/comments?post=13"}],"version-history":[{"count":0,"href":"https:\/\/padel-stuff.com\/fr\/wp-json\/wp\/v2\/pages\/13\/revisions"}],"wp:attachment":[{"href":"https:\/\/padel-stuff.com\/fr\/wp-json\/wp\/v2\/media?parent=13"}],"curies":[{"name":"wp","href":"https:\/\/api.w.org\/{rel}","templated":true}]}}